{"id":223,"date":"2017-06-06T04:38:49","date_gmt":"2017-06-06T04:38:49","guid":{"rendered":"http:\/\/strongholdthemes.com\/demos\/financier\/demo1\/?page_id=223"},"modified":"2026-03-11T20:59:49","modified_gmt":"2026-03-11T20:59:49","slug":"contacto","status":"publish","type":"page","link":"https:\/\/aeha-contadores.com\/index.php\/contacto\/","title":{"rendered":"Contacto"},"content":{"rendered":"<section class=\"wpb-content-wrapper\"><p>[vc_row][vc_column width=&#8221;1\/2&#8243;]<div class=\"stronghold-heading\"><h3 style=\"\">Cont\u00e1ctanos Ahora<\/h3><span style=\"background:#0aa4e3;\" class=\"heading-separator\"><\/span><\/div>[vc_empty_space height=&#8221;30px&#8221;][vc_column_text]<\/p>\n<p data-start=\"271\" data-end=\"540\">En <strong data-start=\"274\" data-end=\"293\">AEHA Contadores<\/strong> estamos listos para ayudarte a mantener tus finanzas en orden y cumplir correctamente con tus obligaciones fiscales.<br data-start=\"410\" data-end=\"413\" \/>Nuestro equipo de profesionales ofrece atenci\u00f3n personalizada para empresas, emprendedores y asociaciones civiles en Los Cabos.<\/p>\n<p data-start=\"542\" data-end=\"692\">Si necesitas asesor\u00eda contable, financiera o apoyo en la administraci\u00f3n de tu negocio, cont\u00e1ctanos y con gusto te brindaremos la orientaci\u00f3n adecuada.<\/p>\n<p data-start=\"694\" data-end=\"753\">Tu tranquilidad financiera comienza con una buena asesor\u00eda.<\/p>\n<p>[\/vc_column_text]<div class=\"stronghold-info-list-wrapper\" style=\"\"><div class=\"stronghold-info-list-item\"><div class=\"stronghold-info-list-icon\"><i class=\"fa fa-phone\" style=\"font-size:18px; color:#0aa4e3;\"><\/i><\/div><div class=\"stronghold-info-list-content\"><div class=\"stronghold-info-list-title\"><h4 style=\"font-size:16px;\">Tel\u00e9fono<\/h4><\/div><div class=\"stronghold-info-list-desc\"><div style=\"\">624 159 9413 <\/div><\/div><\/div><\/div><div class=\"stronghold-info-list-item\"><div class=\"stronghold-info-list-icon\"><i class=\"fa fa-map-marker\" style=\"font-size:18px; color:#0aa4e3;\"><\/i><\/div><div class=\"stronghold-info-list-content\"><div class=\"stronghold-info-list-title\"><h4 style=\"font-size:16px;\">Oficina<\/h4><\/div><div class=\"stronghold-info-list-desc\"><div style=\"\">PLAZA SAN LUCAS<br \/>\nEl Pedregal BCS Cabo SL <\/div><\/div><\/div><\/div><div class=\"stronghold-info-list-item\"><div class=\"stronghold-info-list-icon\"><i class=\"fa fa-envelope\" style=\"font-size:18px; color:#0aa4e3;\"><\/i><\/div><div class=\"stronghold-info-list-content\"><div class=\"stronghold-info-list-title\"><h4 style=\"font-size:16px;\">Email<\/h4><\/div><div class=\"stronghold-info-list-desc\"><div style=\"\">contacto@aeha-contadores.com <\/div><\/div><\/div><\/div><\/div>[vc_empty_space height=&#8221;30px&#8221;][\/vc_column][vc_column width=&#8221;1\/2&#8243;]<div class=\"stronghold-heading\"><h3 style=\"\">Asesor\u00eda y Consultor\u00eda<\/h3><span style=\"background:#0aa4e3;\" class=\"heading-separator\"><\/span><\/div>[vc_empty_space height=&#8221;30px&#8221;][vc_column_text]<\/p>\n<p data-start=\"785\" data-end=\"958\">En <strong data-start=\"788\" data-end=\"814\">AEHA Despacho Contable<\/strong> ofrecemos soluciones profesionales en <strong data-start=\"853\" data-end=\"912\">contabilidad, asesor\u00eda financiera y cumplimiento fiscal<\/strong>, adaptadas a las necesidades de cada cliente.<\/p>\n<p data-start=\"960\" data-end=\"1130\">Nuestro objetivo es ayudarte a tomar mejores decisiones financieras, optimizar tus recursos y mantener tu empresa en cumplimiento con las disposiciones fiscales vigentes.<\/p>\n<p data-start=\"1132\" data-end=\"1280\">Trabajamos con responsabilidad, \u00e9tica y profesionalismo para brindarte un servicio confiable que impulse el crecimiento y estabilidad de tu negocio.<\/p>\n<p>[\/vc_column_text]<div class=\"wpcf7 no-js\" id=\"wpcf7-f35-o1\" lang=\"en-US\" dir=\"ltr\">\n<div class=\"screen-reader-response\"><p role=\"status\" aria-live=\"polite\" aria-atomic=\"true\"><\/p> <ul><\/ul><\/div>\n<form action=\"\/index.php\/wp-json\/wp\/v2\/pages\/223#wpcf7-f35-o1\" method=\"post\" class=\"wpcf7-form init\" aria-label=\"Contact form\" novalidate=\"novalidate\" data-status=\"init\">\n<div style=\"display: none;\">\n<input type=\"hidden\" name=\"_wpcf7\" value=\"35\" \/>\n<input type=\"hidden\" name=\"_wpcf7_version\" value=\"5.7.2\" \/>\n<input type=\"hidden\" name=\"_wpcf7_locale\" value=\"en_US\" \/>\n<input type=\"hidden\" name=\"_wpcf7_unit_tag\" value=\"wpcf7-f35-o1\" \/>\n<input type=\"hidden\" name=\"_wpcf7_container_post\" value=\"0\" \/>\n<input type=\"hidden\" name=\"_wpcf7_posted_data_hash\" value=\"\" \/>\n<\/div>\n<div class=\"input-group\">\n\t<p><span class=\"wpcf7-form-control-wrap\" data-name=\"text-960\"><input size=\"40\" class=\"wpcf7-form-control wpcf7-text wpcf7-validates-as-required\" aria-required=\"true\" aria-invalid=\"false\" placeholder=\"Name*\" value=\"\" type=\"text\" name=\"text-960\" \/><\/span><br \/>\n<span><i class=\"input-icon fa fa-user-o\"><\/i><\/span>\n\t<\/p>\n<\/div>\n<div class=\"input-group\">\n\t<p><span class=\"wpcf7-form-control-wrap\" data-name=\"email-21\"><input size=\"40\" class=\"wpcf7-form-control wpcf7-text wpcf7-email wpcf7-validates-as-required wpcf7-validates-as-email\" aria-required=\"true\" aria-invalid=\"false\" placeholder=\"Email*\" value=\"\" type=\"email\" name=\"email-21\" \/><\/span><br \/>\n<span><i class=\"input-icon fa fa-envelope-o\"><\/i><\/span>\n\t<\/p>\n<\/div>\n<div class=\"input-group\">\n\t<p><span class=\"wpcf7-form-control-wrap\" data-name=\"tel-71\"><input size=\"40\" class=\"wpcf7-form-control wpcf7-text wpcf7-tel wpcf7-validates-as-required wpcf7-validates-as-tel\" aria-required=\"true\" aria-invalid=\"false\" placeholder=\"Phone Number*\" value=\"\" type=\"tel\" name=\"tel-71\" \/><\/span><br \/>\n<span><i class=\"input-icon fa fa-phone\"><\/i><\/span>\n\t<\/p>\n<\/div>\n<p><span class=\"wpcf7-form-control-wrap\" data-name=\"textarea-248\"><textarea cols=\"40\" rows=\"10\" class=\"wpcf7-form-control wpcf7-textarea wpcf7-validates-as-required\" aria-required=\"true\" aria-invalid=\"false\" placeholder=\"Message\" name=\"textarea-248\"><\/textarea><\/span>\n<\/p>\n<p><input class=\"wpcf7-form-control has-spinner wpcf7-submit\" type=\"submit\" value=\"Send\" \/>\n<\/p><div class=\"wpcf7-response-output\" aria-hidden=\"true\"><\/div><\/form><\/div>[\/vc_column][\/vc_row][vc_row full_width=&#8221;stretch_row_content_no_spaces&#8221; css=&#8221;.vc_custom_1532104816102{margin-top: 50px !important;margin-bottom: -20px !important;}&#8221;][vc_column][vc_gmaps link=&#8221;#E-8_JTNDaWZyYW1lJTIwc3JjJTNEJTIyaHR0cHMlM0ElMkYlMkZ3d3cuZ29vZ2xlLmNvbSUyRm1hcHMlMkZlbWJlZCUzRnBiJTNEJTIxMW0xOCUyMTFtMTIlMjExbTMlMjExZDg2Ny40MDI4NTE4MDYwMDczJTIxMmQtMTA5LjkxNTEzOTc0OTk2NzU3JTIxM2QyMi44NzkyMjc0ODYxMDk5MzMlMjEybTMlMjExZjAlMjEyZjAlMjEzZjAlMjEzbTIlMjExaTEwMjQlMjEyaTc2OCUyMTRmMTMuMSUyMTNtMyUyMTFtMiUyMTFzMHg4NmFmNGIwY2MyYzdlZDIxJTI1M0EweDJlZTNjNmJiYmYyMDQ0NTclMjEyc0FFSEElMjUyMERlc3BhY2hvJTI1MjBDb250YWJsZSUyMTVlMCUyMTNtMiUyMTFzZXMtNDE5JTIxMnNteCUyMTR2MTY3NDI1OTYzNTAwMiUyMTVtMiUyMTFzZXMtNDE5JTIxMnNteCUyMiUyMHdpZHRoJTNEJTIyNjAwJTIyJTIwaGVpZ2h0JTNEJTIyNDUwJTIyJTIwZnJhbWVib3JkZXIlM0QlMjIwJTIyJTIwc3R5bGUlM0QlMjJib3JkZXIlM0EwJTIyJTIwYWxsb3dmdWxsc2NyZWVuJTNFJTNDJTJGaWZyYW1lJTNF&#8221;][\/vc_column][\/vc_row]<\/p>\n<\/section>","protected":false},"excerpt":{"rendered":"<p>[vc_row][vc_column width=&#8221;1\/2&#8243;][vc_empty_space height=&#8221;30px&#8221;][vc_column_text] En AEHA Contadores estamos listos para ayudarte a mantener tus finanzas en orden y cumplir correctamente con tus obligaciones fiscales.Nuestro equipo de profesionales ofrece atenci\u00f3n personalizada para empresas, emprendedores y asociaciones civiles en Los Cabos. Si necesitas asesor\u00eda contable, financiera o apoyo en la administraci\u00f3n de tu negocio, cont\u00e1ctanos y con gusto [&hellip;]<\/p>\n","protected":false},"author":1,"featured_media":0,"parent":0,"menu_order":0,"comment_status":"closed","ping_status":"closed","template":"","meta":[],"_links":{"self":[{"href":"https:\/\/aeha-contadores.com\/index.php\/wp-json\/wp\/v2\/pages\/223"}],"collection":[{"href":"https:\/\/aeha-contadores.com\/index.php\/wp-json\/wp\/v2\/pages"}],"about":[{"href":"https:\/\/aeha-contadores.com\/index.php\/wp-json\/wp\/v2\/types\/page"}],"author":[{"embeddable":true,"href":"https:\/\/aeha-contadores.com\/index.php\/wp-json\/wp\/v2\/users\/1"}],"replies":[{"embeddable":true,"href":"https:\/\/aeha-contadores.com\/index.php\/wp-json\/wp\/v2\/comments?post=223"}],"version-history":[{"count":5,"href":"https:\/\/aeha-contadores.com\/index.php\/wp-json\/wp\/v2\/pages\/223\/revisions"}],"predecessor-version":[{"id":890,"href":"https:\/\/aeha-contadores.com\/index.php\/wp-json\/wp\/v2\/pages\/223\/revisions\/890"}],"wp:attachment":[{"href":"https:\/\/aeha-contadores.com\/index.php\/wp-json\/wp\/v2\/media?parent=223"}],"curies":[{"name":"wp","href":"https:\/\/api.w.org\/{rel}","templated":true}]}}