{"id":302,"date":"2017-06-28T02:28:35","date_gmt":"2017-06-28T02:28:35","guid":{"rendered":"http:\/\/strongholdthemes.com\/demos\/financier\/demo1\/?page_id=302"},"modified":"2024-02-14T18:32:31","modified_gmt":"2024-02-14T18:32:31","slug":"home","status":"publish","type":"page","link":"https:\/\/aeha-contadores.com\/","title":{"rendered":"Home"},"content":{"rendered":"<section class=\"wpb-content-wrapper\"><p>[vc_row][vc_column]\n\t\t\t<!-- START Home REVOLUTION SLIDER 6.6.5 --><p class=\"rs-p-wp-fix\"><\/p>\n\t\t\t<rs-module-wrap id=\"rev_slider_1_1_wrapper\" data-source=\"gallery\" style=\"visibility:hidden;background:transparent;padding:0;margin:0px auto;margin-top:0;margin-bottom:0;\">\n\t\t\t\t<rs-module id=\"rev_slider_1_1\" style=\"\" data-version=\"6.6.5\">\n\t\t\t\t\t<rs-slides style=\"overflow: hidden; position: absolute;\">\n\t\t\t\t\t\t<rs-slide style=\"position: absolute;\" data-key=\"rs-1\" data-title=\"Contabilidad General\" data-thumb=\"\/\/aeha-contadores.com\/wp-content\/uploads\/revslider\/slide1-100x50.jpg\" data-anim=\"f:nodelay;\" data-in=\"o:0;sx:0;sy:0;row:5;col:5;\" data-out=\"a:false;\">\n\t\t\t\t\t\t\t<img src=\"\/\/aeha-contadores.com\/wp-content\/plugins\/revslider\/public\/assets\/assets\/dummy.png\" alt=\"\" title=\"Home\" class=\"rev-slidebg tp-rs-img rs-lazyload\" data-lazyload=\"\/\/aeha-contadores.com\/wp-content\/uploads\/revslider\/slide1.jpg\" data-parallax=\"15\" data-no-retina>\n<!--\n\t\t\t\t\t\t\t--><rs-layer\n\t\t\t\t\t\t\t\tid=\"slider-1-slide-1-layer-2\" \n\t\t\t\t\t\t\t\tdata-type=\"text\"\n\t\t\t\t\t\t\t\tdata-color=\"rgba(7, 57, 107, 1)\"\n\t\t\t\t\t\t\t\tdata-rsp_ch=\"on\"\n\t\t\t\t\t\t\t\tdata-xy=\"x:91px;y:164px;\"\n\t\t\t\t\t\t\t\tdata-text=\"w:normal;s:40;l:40;fw:700;\"\n\t\t\t\t\t\t\t\tdata-dim=\"w:451px;h:46px;\"\n\t\t\t\t\t\t\t\tdata-frame_0=\"y:bottom;o:1;\"\n\t\t\t\t\t\t\t\tdata-frame_1=\"e:power2.inOut;st:1500;sR:1500;\"\n\t\t\t\t\t\t\t\tdata-frame_999=\"o:0;e:nothing;st:w;sR:4200.00061035;\"\n\t\t\t\t\t\t\t\tstyle=\"z-index:6;font-family:'Montserrat';\"\n\t\t\t\t\t\t\t>Contabilidad  \n\t\t\t\t\t\t\t<\/rs-layer><!--\n\n\t\t\t\t\t\t\t--><rs-layer\n\t\t\t\t\t\t\t\tid=\"slider-1-slide-1-layer-3\" \n\t\t\t\t\t\t\t\tdata-type=\"text\"\n\t\t\t\t\t\t\t\tdata-color=\"rgba(7, 57, 107, 1)\"\n\t\t\t\t\t\t\t\tdata-rsp_ch=\"on\"\n\t\t\t\t\t\t\t\tdata-xy=\"x:91px;y:205px;\"\n\t\t\t\t\t\t\t\tdata-text=\"w:normal;s:40;l:40;fw:700;\"\n\t\t\t\t\t\t\t\tdata-dim=\"w:451px;h:46px;\"\n\t\t\t\t\t\t\t\tdata-frame_0=\"y:bottom;o:1;\"\n\t\t\t\t\t\t\t\tdata-frame_1=\"e:power2.inOut;st:1500;sR:1500;\"\n\t\t\t\t\t\t\t\tdata-frame_999=\"o:0;e:nothing;st:w;sR:4200.00061035;\"\n\t\t\t\t\t\t\t\tstyle=\"z-index:7;font-family:'Montserrat';\"\n\t\t\t\t\t\t\t>General \n\t\t\t\t\t\t\t<\/rs-layer><!--\n\n\t\t\t\t\t\t\t--><rs-layer\n\t\t\t\t\t\t\t\tid=\"slider-1-slide-1-layer-4\" \n\t\t\t\t\t\t\t\tdata-type=\"text\"\n\t\t\t\t\t\t\t\tdata-color=\"rgba(121, 120, 120, 1)\"\n\t\t\t\t\t\t\t\tdata-rsp_ch=\"on\"\n\t\t\t\t\t\t\t\tdata-xy=\"x:91px;y:266px;\"\n\t\t\t\t\t\t\t\tdata-text=\"s:14;l:22;fw:600;\"\n\t\t\t\t\t\t\t\tdata-frame_0=\"y:bottom;o:1;\"\n\t\t\t\t\t\t\t\tdata-frame_1=\"e:power2.inOut;st:1500;sR:1500;\"\n\t\t\t\t\t\t\t\tdata-frame_999=\"o:0;e:nothing;st:w;sR:4200.00061035;\"\n\t\t\t\t\t\t\t\tstyle=\"z-index:8;font-family:'Titillium Web';\"\n\t\t\t\t\t\t\t>Mantenemos registros contables precisos y al d\u00eda para nuestros clientes\n \n\t\t\t\t\t\t\t<\/rs-layer><!--\n\n\t\t\t\t\t\t\t--><rs-layer\n\t\t\t\t\t\t\t\tid=\"slider-1-slide-1-layer-6\" \n\t\t\t\t\t\t\t\tdata-type=\"text\"\n\t\t\t\t\t\t\t\tdata-color=\"rgba(121, 120, 120, 1)\"\n\t\t\t\t\t\t\t\tdata-rsp_ch=\"on\"\n\t\t\t\t\t\t\t\tdata-xy=\"x:91px;y:291px;\"\n\t\t\t\t\t\t\t\tdata-text=\"s:14;l:22;fw:600;\"\n\t\t\t\t\t\t\t\tdata-frame_0=\"y:bottom;o:1;\"\n\t\t\t\t\t\t\t\tdata-frame_1=\"e:power2.inOut;st:1500;sR:1500;\"\n\t\t\t\t\t\t\t\tdata-frame_999=\"o:0;e:nothing;st:w;sR:4200.00061035;\"\n\t\t\t\t\t\t\t\tstyle=\"z-index:9;font-family:'Titillium Web';\"\n\t\t\t\t\t\t\t>asegurando que todas las transacciones est\u00e9n correctamente registradas. \n\t\t\t\t\t\t\t<\/rs-layer><!--\n\n\t\t\t\t\t\t\t--><rs-layer\n\t\t\t\t\t\t\t\tid=\"slider-1-slide-1-layer-10\" \n\t\t\t\t\t\t\t\tclass=\"tp-shape tp-shapewrapper\"\n\t\t\t\t\t\t\t\tdata-type=\"shape\"\n\t\t\t\t\t\t\t\tdata-rsp_ch=\"on\"\n\t\t\t\t\t\t\t\tdata-xy=\"x:60px;y:110px;\"\n\t\t\t\t\t\t\t\tdata-text=\"fw:700;a:inherit;\"\n\t\t\t\t\t\t\t\tdata-dim=\"w:510px;h:297px;\"\n\t\t\t\t\t\t\t\tdata-frame_1=\"st:1500;sR:1500;\"\n\t\t\t\t\t\t\t\tdata-frame_999=\"o:0;st:w;sR:4200.00061035;\"\n\t\t\t\t\t\t\t\tstyle=\"z-index:5;background-color:rgba(255,255,255,0.6);\"\n\t\t\t\t\t\t\t> \n\t\t\t\t\t\t\t<\/rs-layer><!--\n-->\t\t\t\t\t\t<\/rs-slide>\n\t\t\t\t\t\t<rs-slide style=\"position: absolute;\" data-key=\"rs-2\" data-title=\"Asesoramiento y Planificacion Fiscal\" data-thumb=\"\/\/aeha-contadores.com\/wp-content\/uploads\/revslider\/slide2-100x50.jpg\" data-anim=\"f:nodelay;\" data-in=\"o:0;sx:0;sy:0;row:5;col:5;\" data-out=\"a:false;\">\n\t\t\t\t\t\t\t<img src=\"\/\/aeha-contadores.com\/wp-content\/plugins\/revslider\/public\/assets\/assets\/dummy.png\" alt=\"\" title=\"Home\" class=\"rev-slidebg tp-rs-img rs-lazyload\" data-lazyload=\"\/\/aeha-contadores.com\/wp-content\/uploads\/revslider\/slide2.jpg\" data-parallax=\"15\" data-no-retina>\n<!--\n\t\t\t\t\t\t\t--><rs-layer\n\t\t\t\t\t\t\t\tid=\"slider-1-slide-2-layer-2\" \n\t\t\t\t\t\t\t\tdata-type=\"text\"\n\t\t\t\t\t\t\t\tdata-color=\"rgba(7, 57, 107, 1)\"\n\t\t\t\t\t\t\t\tdata-rsp_ch=\"on\"\n\t\t\t\t\t\t\t\tdata-xy=\"x:91px;y:160px;\"\n\t\t\t\t\t\t\t\tdata-text=\"w:normal;s:40;l:40;fw:700;\"\n\t\t\t\t\t\t\t\tdata-dim=\"w:548px;h:48px;\"\n\t\t\t\t\t\t\t\tdata-frame_0=\"y:bottom;o:1;\"\n\t\t\t\t\t\t\t\tdata-frame_1=\"e:power2.inOut;st:1500;sR:1500;\"\n\t\t\t\t\t\t\t\tdata-frame_999=\"o:0;e:nothing;st:w;sR:4200.00061035;\"\n\t\t\t\t\t\t\t\tstyle=\"z-index:6;font-family:'Montserrat';\"\n\t\t\t\t\t\t\t>Asesoramiento y  \n\t\t\t\t\t\t\t<\/rs-layer><!--\n\n\t\t\t\t\t\t\t--><rs-layer\n\t\t\t\t\t\t\t\tid=\"slider-1-slide-2-layer-3\" \n\t\t\t\t\t\t\t\tdata-type=\"text\"\n\t\t\t\t\t\t\t\tdata-color=\"rgba(7, 57, 107, 1)\"\n\t\t\t\t\t\t\t\tdata-rsp_ch=\"on\"\n\t\t\t\t\t\t\t\tdata-xy=\"x:92px;y:206px;\"\n\t\t\t\t\t\t\t\tdata-text=\"w:normal;s:40;l:40;fw:700;\"\n\t\t\t\t\t\t\t\tdata-dim=\"w:525px;h:47px;\"\n\t\t\t\t\t\t\t\tdata-frame_0=\"y:bottom;o:1;\"\n\t\t\t\t\t\t\t\tdata-frame_1=\"e:power2.inOut;st:1500;sR:1500;\"\n\t\t\t\t\t\t\t\tdata-frame_999=\"o:0;e:nothing;st:w;sR:4200.00061035;\"\n\t\t\t\t\t\t\t\tstyle=\"z-index:7;font-family:'Montserrat';\"\n\t\t\t\t\t\t\t>Planificaci\u00f3n Fiscal \n\t\t\t\t\t\t\t<\/rs-layer><!--\n\n\t\t\t\t\t\t\t--><rs-layer\n\t\t\t\t\t\t\t\tid=\"slider-1-slide-2-layer-4\" \n\t\t\t\t\t\t\t\tdata-type=\"text\"\n\t\t\t\t\t\t\t\tdata-color=\"rgba(121, 120, 120, 1)\"\n\t\t\t\t\t\t\t\tdata-rsp_ch=\"on\"\n\t\t\t\t\t\t\t\tdata-xy=\"x:91px;y:266px;\"\n\t\t\t\t\t\t\t\tdata-text=\"s:14;l:22;fw:600;\"\n\t\t\t\t\t\t\t\tdata-frame_0=\"y:bottom;o:1;\"\n\t\t\t\t\t\t\t\tdata-frame_1=\"e:power2.inOut;st:1500;sR:1500;\"\n\t\t\t\t\t\t\t\tdata-frame_999=\"o:0;e:nothing;st:w;sR:4200.00061035;\"\n\t\t\t\t\t\t\t\tstyle=\"z-index:8;font-family:'Titillium Web';\"\n\t\t\t\t\t\t\t> Ayudamos a nuestros clientes a navegar el complejo mundo de la fiscalidad.\n \n\t\t\t\t\t\t\t<\/rs-layer><!--\n\n\t\t\t\t\t\t\t--><rs-layer\n\t\t\t\t\t\t\t\tid=\"slider-1-slide-2-layer-6\" \n\t\t\t\t\t\t\t\tdata-type=\"text\"\n\t\t\t\t\t\t\t\tdata-color=\"rgba(121, 120, 120, 1)\"\n\t\t\t\t\t\t\t\tdata-rsp_ch=\"on\"\n\t\t\t\t\t\t\t\tdata-xy=\"x:91px;y:291px;\"\n\t\t\t\t\t\t\t\tdata-text=\"s:14;l:22;fw:600;\"\n\t\t\t\t\t\t\t\tdata-frame_0=\"y:bottom;o:1;\"\n\t\t\t\t\t\t\t\tdata-frame_1=\"e:power2.inOut;st:1500;sR:1500;\"\n\t\t\t\t\t\t\t\tdata-frame_999=\"o:0;e:nothing;st:w;sR:4200.00061035;\"\n\t\t\t\t\t\t\t\tstyle=\"z-index:9;font-family:'Titillium Web';\"\n\t\t\t\t\t\t\t>Ofrecemos estrategias para minimizar la carga fiscal de manera legal  \n\t\t\t\t\t\t\t<\/rs-layer><!--\n\n\t\t\t\t\t\t\t--><rs-layer\n\t\t\t\t\t\t\t\tid=\"slider-1-slide-2-layer-10\" \n\t\t\t\t\t\t\t\tclass=\"tp-shape tp-shapewrapper\"\n\t\t\t\t\t\t\t\tdata-type=\"shape\"\n\t\t\t\t\t\t\t\tdata-rsp_ch=\"on\"\n\t\t\t\t\t\t\t\tdata-xy=\"x:62px;y:106px;\"\n\t\t\t\t\t\t\t\tdata-text=\"fw:700;a:inherit;\"\n\t\t\t\t\t\t\t\tdata-dim=\"w:585px;h:299;\"\n\t\t\t\t\t\t\t\tdata-frame_1=\"st:1500;sR:1500;\"\n\t\t\t\t\t\t\t\tdata-frame_999=\"o:0;st:w;sR:4200.00061035;\"\n\t\t\t\t\t\t\t\tstyle=\"z-index:5;background-color:rgba(255,255,255,0.6);\"\n\t\t\t\t\t\t\t> \n\t\t\t\t\t\t\t<\/rs-layer><!--\n-->\t\t\t\t\t\t<\/rs-slide>\n\t\t\t\t\t\t<rs-slide style=\"position: absolute;\" data-key=\"rs-3\" data-title=\"Consultoria Financiera de negocios\" data-thumb=\"\/\/aeha-contadores.com\/wp-content\/uploads\/revslider\/slide3-100x50.jpg\" data-anim=\"f:nodelay;\" data-in=\"o:0;sx:0;sy:0;row:5;col:5;\" data-out=\"a:false;\">\n\t\t\t\t\t\t\t<img src=\"\/\/aeha-contadores.com\/wp-content\/plugins\/revslider\/public\/assets\/assets\/dummy.png\" alt=\"\" title=\"Home\" class=\"rev-slidebg tp-rs-img rs-lazyload\" data-lazyload=\"\/\/aeha-contadores.com\/wp-content\/uploads\/revslider\/slide3.jpg\" data-parallax=\"15\" data-no-retina>\n<!--\n\t\t\t\t\t\t\t--><rs-layer\n\t\t\t\t\t\t\t\tid=\"slider-1-slide-3-layer-2\" \n\t\t\t\t\t\t\t\tdata-type=\"text\"\n\t\t\t\t\t\t\t\tdata-color=\"rgba(7, 57, 107, 1)\"\n\t\t\t\t\t\t\t\tdata-rsp_ch=\"on\"\n\t\t\t\t\t\t\t\tdata-xy=\"x:91px;y:161px;\"\n\t\t\t\t\t\t\t\tdata-text=\"w:normal;s:40;l:40;fw:700;\"\n\t\t\t\t\t\t\t\tdata-dim=\"w:486px;h:48px;\"\n\t\t\t\t\t\t\t\tdata-frame_0=\"y:bottom;o:1;\"\n\t\t\t\t\t\t\t\tdata-frame_1=\"e:power2.inOut;st:1500;sR:1500;\"\n\t\t\t\t\t\t\t\tdata-frame_999=\"o:0;e:nothing;st:w;sR:4200.00061035;\"\n\t\t\t\t\t\t\t\tstyle=\"z-index:6;font-family:'Montserrat';\"\n\t\t\t\t\t\t\t>Consultor\u00eda Financiera  \n\t\t\t\t\t\t\t<\/rs-layer><!--\n\n\t\t\t\t\t\t\t--><rs-layer\n\t\t\t\t\t\t\t\tid=\"slider-1-slide-3-layer-3\" \n\t\t\t\t\t\t\t\tdata-type=\"text\"\n\t\t\t\t\t\t\t\tdata-color=\"rgba(7, 57, 107, 1)\"\n\t\t\t\t\t\t\t\tdata-rsp_ch=\"on\"\n\t\t\t\t\t\t\t\tdata-xy=\"x:90px;y:203px;\"\n\t\t\t\t\t\t\t\tdata-text=\"w:normal;s:40;l:40;fw:700;\"\n\t\t\t\t\t\t\t\tdata-dim=\"w:490px;h:48px;\"\n\t\t\t\t\t\t\t\tdata-frame_0=\"y:bottom;o:1;\"\n\t\t\t\t\t\t\t\tdata-frame_1=\"e:power2.inOut;st:1500;sR:1500;\"\n\t\t\t\t\t\t\t\tdata-frame_999=\"o:0;e:nothing;st:w;sR:4200.00061035;\"\n\t\t\t\t\t\t\t\tstyle=\"z-index:7;font-family:'Montserrat';\"\n\t\t\t\t\t\t\t>de Negocios \n\t\t\t\t\t\t\t<\/rs-layer><!--\n\n\t\t\t\t\t\t\t--><rs-layer\n\t\t\t\t\t\t\t\tid=\"slider-1-slide-3-layer-4\" \n\t\t\t\t\t\t\t\tdata-type=\"text\"\n\t\t\t\t\t\t\t\tdata-color=\"rgba(121, 120, 120, 1)\"\n\t\t\t\t\t\t\t\tdata-rsp_ch=\"on\"\n\t\t\t\t\t\t\t\tdata-xy=\"x:91px;y:266px;\"\n\t\t\t\t\t\t\t\tdata-text=\"s:14;l:22;fw:600;\"\n\t\t\t\t\t\t\t\tdata-frame_0=\"y:bottom;o:1;\"\n\t\t\t\t\t\t\t\tdata-frame_1=\"e:power2.inOut;st:1500;sR:1500;\"\n\t\t\t\t\t\t\t\tdata-frame_999=\"o:0;e:nothing;st:w;sR:4200.00061035;\"\n\t\t\t\t\t\t\t\tstyle=\"z-index:8;font-family:'Titillium Web';\"\n\t\t\t\t\t\t\t>Brindamos asesoramiento estrat\u00e9gico para mejorar la eficiencia operativa\n \n\t\t\t\t\t\t\t<\/rs-layer><!--\n\n\t\t\t\t\t\t\t--><rs-layer\n\t\t\t\t\t\t\t\tid=\"slider-1-slide-3-layer-6\" \n\t\t\t\t\t\t\t\tdata-type=\"text\"\n\t\t\t\t\t\t\t\tdata-color=\"rgba(121, 120, 120, 1)\"\n\t\t\t\t\t\t\t\tdata-rsp_ch=\"on\"\n\t\t\t\t\t\t\t\tdata-xy=\"x:91px;y:291px;\"\n\t\t\t\t\t\t\t\tdata-text=\"s:14;l:22;fw:600;\"\n\t\t\t\t\t\t\t\tdata-frame_0=\"y:bottom;o:1;\"\n\t\t\t\t\t\t\t\tdata-frame_1=\"e:power2.inOut;st:1500;sR:1500;\"\n\t\t\t\t\t\t\t\tdata-frame_999=\"o:0;e:nothing;st:w;sR:4200.00061035;\"\n\t\t\t\t\t\t\t\tstyle=\"z-index:9;font-family:'Titillium Web';\"\n\t\t\t\t\t\t\t>Esto puede incluir an\u00e1lisis de costos, planificaci\u00f3n presupuestaria \n\t\t\t\t\t\t\t<\/rs-layer><!--\n\n\t\t\t\t\t\t\t--><rs-layer\n\t\t\t\t\t\t\t\tid=\"slider-1-slide-3-layer-10\" \n\t\t\t\t\t\t\t\tclass=\"tp-shape tp-shapewrapper\"\n\t\t\t\t\t\t\t\tdata-type=\"shape\"\n\t\t\t\t\t\t\t\tdata-rsp_ch=\"on\"\n\t\t\t\t\t\t\t\tdata-xy=\"x:65px;y:110px;\"\n\t\t\t\t\t\t\t\tdata-text=\"fw:700;a:inherit;\"\n\t\t\t\t\t\t\t\tdata-dim=\"w:519px;h:298px;\"\n\t\t\t\t\t\t\t\tdata-frame_1=\"st:1500;sR:1500;\"\n\t\t\t\t\t\t\t\tdata-frame_999=\"o:0;st:w;sR:4200.00061035;\"\n\t\t\t\t\t\t\t\tstyle=\"z-index:5;background-color:rgba(255,255,255,0.6);\"\n\t\t\t\t\t\t\t> \n\t\t\t\t\t\t\t<\/rs-layer><!--\n-->\t\t\t\t\t\t<\/rs-slide>\n\t\t\t\t\t<\/rs-slides>\n\t\t\t\t<\/rs-module>\n\t\t\t\t<script>\n\t\t\t\t\tsetREVStartSize({c: 'rev_slider_1_1',rl:[1240,1024,778,480],el:[675],gw:[1240],gh:[675],type:'standard',justify:'',layout:'fullwidth',mh:\"0\"});if (window.RS_MODULES!==undefined && window.RS_MODULES.modules!==undefined && window.RS_MODULES.modules[\"revslider11\"]!==undefined) {window.RS_MODULES.modules[\"revslider11\"].once = false;window.revapi1 = undefined;if (window.RS_MODULES.checkMinimal!==undefined) window.RS_MODULES.checkMinimal()}\n\t\t\t\t<\/script>\n\t\t\t<\/rs-module-wrap>\n\t\t\t<!-- END REVOLUTION SLIDER -->\n[\/vc_column][\/vc_row][vc_row full_width=&#8221;stretch_row&#8221; css=&#8221;.vc_custom_1495591006626{margin-bottom: -20px !important;background-color: #0aa4e3 !important;}&#8221;][vc_column css=&#8221;.vc_custom_1495591136301{padding-top: 0px !important;}&#8221;]<div class=\"stronghold-call-to-action-wrapper\"><div class=\"call-text-wrapper\"><div class=\"call-title\"><h4 style=\"font-size:30px; color:#ffffff;\">Te gustar\u00eda una asesor\u00eda o consultor\u00eda? <\/h4><\/div><\/div><div class=\"call-link\"><a class=\"btn\" href=\"https:\/\/aeha-contadores.com\/index.php\/contact\/\" style=\"font-size:18px;color:#ffffff; background:#07396b;\" data-linkcolor=\"#ffffff\"data-linkbgcolor=\"#07396b\"data-linkhcolor=\"#07396b\"data-linkhbgcolor=\"#ffffff\">Cont\u00e1ctanos<\/a><\/div><\/div>[\/vc_column][\/vc_row][vc_row css=&#8221;.vc_custom_1628022022175{margin-top: 85px !important;margin-bottom: 70px !important;}&#8221;][vc_column width=&#8221;1\/3&#8243;]<div class=\"stronghold-feature-box-wrapper\" style=\"\"><div class=\"feature-box-design-one-info-wrapper\"><div class=\"feature-box-icon-wrapper\"><i class=\"pe-7s-cash\" style=\"font-size:30px; color:#0aa4e3;\"><\/i><\/div><div class=\"feature-box-info\" style=\"\"><div class=\"feature-box-title\"><h4 style=\"font-size:20px;\">Profesionales<\/h4><\/div><div class=\"feature-box-desc\"><p style=\"\">En Aeha Contadores, entendemos que el profesionalismo no es solo sobre el conocimiento t\u00e9cnico; tambi\u00e9n se trata de construir relaciones duraderas con nuestros clientes basadas en el respeto, la comprensi\u00f3n y el apoyo continuo. Nos esforzamos por ser m\u00e1s que un proveedor de servicios; nuestro objetivo es ser un socio confiable en el \u00e9xito financiero y empresarial de nuestros clientes. <\/p><\/div><\/div><\/div><\/div>[\/vc_column][vc_column width=&#8221;1\/3&#8243;]<div class=\"stronghold-feature-box-wrapper\" style=\"\"><div class=\"feature-box-design-one-info-wrapper\"><div class=\"feature-box-icon-wrapper\"><i class=\"pe-7s-graph3\" style=\"font-size:30px; color:#0aa4e3;\"><\/i><\/div><div class=\"feature-box-info\" style=\"\"><div class=\"feature-box-title\"><h4 style=\"font-size:20px;\">Asesor\u00eda Financiera<\/h4><\/div><div class=\"feature-box-desc\"><p style=\"\">Ofrecemos un servicio de asesor\u00eda financiera de primer nivel, dise\u00f1ado para guiar a nuestros clientes a trav\u00e9s del complejo y din\u00e1mico mundo de las finanzas. Nuestra misi\u00f3n es brindar asesoramiento experto y personalizado que ayude a nuestros clientes a tomar decisiones financieras informadas y estrat\u00e9gicas. <\/p><\/div><\/div><\/div><\/div>[\/vc_column][vc_column width=&#8221;1\/3&#8243;]<div class=\"stronghold-feature-box-wrapper\" style=\"\"><div class=\"feature-box-design-one-info-wrapper\"><div class=\"feature-box-icon-wrapper\"><i class=\"pe-7s-graph2\" style=\"font-size:30px; color:#0aa4e3;\"><\/i><\/div><div class=\"feature-box-info\" style=\"\"><div class=\"feature-box-title\"><h4 style=\"font-size:20px;\">Asociaciones Civiles<\/h4><\/div><div class=\"feature-box-desc\"><p style=\"\">Reconocemos que las asociaciones civiles operan bajo un conjunto de reglas y regulaciones distintas a las de las empresas comerciales. Por ello, nuestro equipo de expertos est\u00e1 especializado en las particularidades contables y fiscales que rigen a estas organizaciones. <\/p><\/div><\/div><\/div><\/div>[\/vc_column][\/vc_row][vc_row full_width=&#8221;stretch_row_content&#8221; css=&#8221;.vc_custom_1628022151464{padding-top: 65px !important;padding-bottom: 65px !important;background-color: #fafafa !important;}&#8221;][vc_column width=&#8221;1\/2&#8243;][vc_single_image image=&#8221;875&#8243; img_size=&#8221;full&#8221;][\/vc_column][vc_column width=&#8221;1\/2&#8243;]<div class=\"stronghold-heading\"><span class=\"heading-subtitle\" style=\"display:block;  font-size:18px;\">\u00bfQuienes Somos?<\/span><h3 style=\"\">Bienvenidos a AEHA Contadores<\/h3><span style=\"background:#0aa4e3;\" class=\"heading-separator\"><\/span><\/div>[vc_empty_space height=&#8221;25px&#8221;][vc_column_text]Bienvenidos a <em><strong>Aeha Contadores<\/strong><\/em>, su socio de confianza en servicios contables y financieros en Los Cabos. Somos un despacho dedicado a ofrecer soluciones integrales en contabilidad, asesor\u00eda financiera y gesti\u00f3n fiscal para una variedad de clientes, incluyendo peque\u00f1as empresas, grandes corporaciones y asociaciones civiles.<\/p>\n<p>Nuestra misi\u00f3n es proporcionar servicios de alta calidad adaptados a las necesidades \u00fanicas de cada cliente. Con un equipo de expertos altamente calificados y comprometidos, nos esforzamos por ser m\u00e1s que contadores; somos asesores y aliados en el camino hacia el \u00e9xito financiero y empresarial de nuestros clientes.<\/p>\n<p>En <em><strong>Aeha Contadores<\/strong><\/em>, utilizamos tecnolog\u00eda avanzada para garantizar eficiencia y precisi\u00f3n en todo lo que hacemos. Nos mantenemos constantemente actualizados en las \u00faltimas tendencias y regulaciones en el \u00e1mbito contable y financiero, lo que nos permite brindar un servicio actualizado y confiable.[\/vc_column_text][vc_row_inner][vc_column_inner width=&#8221;1\/3&#8243;]<div class=\"stronghold-info-icon-wrapper\" data-icon-color=\"#0aa4e3\"><div class=\"stronghold-info-icon\"><i class=\"pe-7s-users\" style=\"font-size:50px; color:#0aa4e3;\"><\/i><\/div><div class=\"stronghold-info-icon-content\" style=\"padding-top: 15px;\"><div class=\"stronghold-info-icon-title\"><h4 style=\"font-size:20px;\">Profesionales<\/h4><\/div><div class=\"stronghold-info-icon-desc\"><p style=\"\"> <\/p><\/div><\/div><\/div>[\/vc_column_inner][vc_column_inner width=&#8221;1\/3&#8243;]<div class=\"stronghold-info-icon-wrapper\" data-icon-color=\"#0aa4e3\"><div class=\"stronghold-info-icon\"><i class=\"pe-7s-stopwatch\" style=\"font-size:50px; color:#0aa4e3;\"><\/i><\/div><div class=\"stronghold-info-icon-content\" style=\"padding-top: 15px;\"><div class=\"stronghold-info-icon-title\"><h4 style=\"font-size:20px;\">Asesor\u00edas<\/h4><\/div><div class=\"stronghold-info-icon-desc\"><p style=\"\"> <\/p><\/div><\/div><\/div>[\/vc_column_inner][vc_column_inner width=&#8221;1\/3&#8243;]<div class=\"stronghold-info-icon-wrapper\" data-icon-color=\"#0aa4e3\"><div class=\"stronghold-info-icon\"><i class=\"pe-7s-like2\" style=\"font-size:50px; color:#0aa4e3;\"><\/i><\/div><div class=\"stronghold-info-icon-content\" style=\"padding-top: 15px;\"><div class=\"stronghold-info-icon-title\"><h4 style=\"font-size:20px;\">Consultor\u00edas<\/h4><\/div><div class=\"stronghold-info-icon-desc\"><p style=\"\"> <\/p><\/div><\/div><\/div>[\/vc_column_inner][\/vc_row_inner][\/vc_column][\/vc_row][vc_row css=&#8221;.vc_custom_1628023505327{margin-top: 50px !important;margin-bottom: 70px !important;}&#8221;][vc_column]<div class=\"stronghold-heading\"><span class=\"heading-subtitle\" style=\"display:block;  font-size:18px; text-align: center;\">Asesor\u00eda y Consultor\u00eda<\/span><h3 style=\" text-align: center;\">Nuestros Servicios<\/h3><span style=\" margin: 0 auto;background:#0aa4e3;\" class=\"heading-separator\"><\/span><\/div>[vc_empty_space height=&#8221;50px&#8221;]<div class=\"stronghold-services-wrapper\"><div class=\"stronghold-service-carousel owl-carousel\" data-speed=\"5000\" data-items=\"3\" data-count=\"3\"><div class=\"service-block\"><div class=\"service-block-img\"><div class=\"hover-overlay\"><i class=\"item-overlay-icon fa fa-link\"><\/i><\/div><img src=\"https:\/\/aeha-contadores.com\/wp-content\/uploads\/2017\/05\/contabilidad-aeha-contadores--370x260.jpg\" alt=\"Service Image\"><\/div><div class=\"service-main-detail\"><h5 class=\"service-main-name\" style=\"\">Contabilidad<\/h5><\/div><\/div><div class=\"service-block\"><div class=\"service-block-img\"><div class=\"hover-overlay\"><i class=\"item-overlay-icon fa fa-link\"><\/i><\/div><img src=\"https:\/\/aeha-contadores.com\/wp-content\/uploads\/2017\/05\/contabilidad-aeha-contadores-02--370x260.jpg\" alt=\"Service Image\"><\/div><div class=\"service-main-detail\"><h5 class=\"service-main-name\" style=\"\">Asesor\u00eda Financiera<\/h5><\/div><\/div><div class=\"service-block\"><div class=\"service-block-img\"><div class=\"hover-overlay\"><i class=\"item-overlay-icon fa fa-link\"><\/i><\/div><img src=\"https:\/\/aeha-contadores.com\/wp-content\/uploads\/2017\/05\/contabilidad-aeha-contadores-05--370x260.jpg\" alt=\"Service Image\"><\/div><div class=\"service-main-detail\"><h5 class=\"service-main-name\" style=\"\">Asociaciones Civiles<\/h5><\/div><\/div><\/div><\/div> [\/vc_column][\/vc_row][vc_row full_width=&#8221;stretch_row&#8221; css=&#8221;.vc_custom_1628023227559{padding-top: 20px !important;padding-bottom: 60px !important;background-color: #fafafa !important;}&#8221;][vc_column]<div class=\"financier-partners-widget\"> <div class=\"partners-carousel owl-carousel\" data-speed=\"5000\"data-items=\"5\"data-count=\"5\"><div class=\"partner-item\" style=\"\"><img class=\"partner-img\" src=\"https:\/\/aeha-contadores.com\/wp-content\/uploads\/2017\/06\/dummypic3.jpg\" alt=\"Partner Image\" style=\"\"><\/div><div class=\"partner-item\" style=\"\"><img class=\"partner-img\" src=\"https:\/\/aeha-contadores.com\/wp-content\/uploads\/2017\/06\/dummypic3.jpg\" alt=\"Partner Image\" style=\"\"><\/div><div class=\"partner-item\" style=\"\"><img class=\"partner-img\" src=\"https:\/\/aeha-contadores.com\/wp-content\/uploads\/2017\/06\/dummypic3.jpg\" alt=\"Partner Image\" style=\"\"><\/div><div class=\"partner-item\" style=\"\"><img class=\"partner-img\" src=\"https:\/\/aeha-contadores.com\/wp-content\/uploads\/2017\/06\/dummypic3.jpg\" alt=\"Partner Image\" style=\"\"><\/div><div class=\"partner-item\" style=\"\"><img class=\"partner-img\" src=\"https:\/\/aeha-contadores.com\/wp-content\/uploads\/2017\/06\/dummypic3.jpg\" alt=\"Partner Image\" style=\"\"><\/div><\/div><\/div>[\/vc_column][\/vc_row]<\/p>\n<\/section>","protected":false},"excerpt":{"rendered":"<p>[vc_row][vc_column][\/vc_column][\/vc_row][vc_row full_width=&#8221;stretch_row&#8221; css=&#8221;.vc_custom_1495591006626{margin-bottom: -20px !important;background-color: #0aa4e3 !important;}&#8221;][vc_column css=&#8221;.vc_custom_1495591136301{padding-top: 0px !important;}&#8221;][\/vc_column][\/vc_row][vc_row css=&#8221;.vc_custom_1628022022175{margin-top: 85px !important;margin-bottom: 70px !important;}&#8221;][vc_column width=&#8221;1\/3&#8243;][\/vc_column][vc_column width=&#8221;1\/3&#8243;][\/vc_column][vc_column width=&#8221;1\/3&#8243;][\/vc_column][\/vc_row][vc_row full_width=&#8221;stretch_row_content&#8221; css=&#8221;.vc_custom_1628022151464{padding-top: 65px !important;padding-bottom: 65px !important;background-color: #fafafa !important;}&#8221;][vc_column width=&#8221;1\/2&#8243;][vc_single_image image=&#8221;875&#8243; img_size=&#8221;full&#8221;][\/vc_column][vc_column width=&#8221;1\/2&#8243;][vc_empty_space height=&#8221;25px&#8221;][vc_column_text]Bienvenidos a Aeha Contadores, su socio de confianza en servicios contables y financieros en Los Cabos. Somos un despacho dedicado a ofrecer soluciones integrales en [&hellip;]<\/p>\n","protected":false},"author":1,"featured_media":0,"parent":0,"menu_order":0,"comment_status":"closed","ping_status":"closed","template":"","meta":[],"_links":{"self":[{"href":"https:\/\/aeha-contadores.com\/index.php\/wp-json\/wp\/v2\/pages\/302"}],"collection":[{"href":"https:\/\/aeha-contadores.com\/index.php\/wp-json\/wp\/v2\/pages"}],"about":[{"href":"https:\/\/aeha-contadores.com\/index.php\/wp-json\/wp\/v2\/types\/page"}],"author":[{"embeddable":true,"href":"https:\/\/aeha-contadores.com\/index.php\/wp-json\/wp\/v2\/users\/1"}],"replies":[{"embeddable":true,"href":"https:\/\/aeha-contadores.com\/index.php\/wp-json\/wp\/v2\/comments?post=302"}],"version-history":[{"count":10,"href":"https:\/\/aeha-contadores.com\/index.php\/wp-json\/wp\/v2\/pages\/302\/revisions"}],"predecessor-version":[{"id":825,"href":"https:\/\/aeha-contadores.com\/index.php\/wp-json\/wp\/v2\/pages\/302\/revisions\/825"}],"wp:attachment":[{"href":"https:\/\/aeha-contadores.com\/index.php\/wp-json\/wp\/v2\/media?parent=302"}],"curies":[{"name":"wp","href":"https:\/\/api.w.org\/{rel}","templated":true}]}}