{"id":800,"date":"2017-05-03T20:27:23","date_gmt":"2017-05-03T20:27:23","guid":{"rendered":"http:\/\/strongholdthemes.com\/demos\/financier\/demo1\/?page_id=7"},"modified":"2024-02-14T18:30:57","modified_gmt":"2024-02-14T18:30:57","slug":"nuestros-servicios","status":"publish","type":"page","link":"https:\/\/aeha-contadores.com\/index.php\/nuestros-servicios\/","title":{"rendered":"Nuestros Servicios"},"content":{"rendered":"<section class=\"wpb-content-wrapper\"><p>[vc_row][vc_column]<div class=\"stronghold-services-wrapper\"><div class=\"row service-list\"><div class=\"service-block-img-wrapper col-md-4\"><div class=\"service-block-img service-img-zoom\"><a rel=\"external\" href=\"https:\/\/aeha-contadores.com\/index.php\/service\/asesoria-financiera\/ \"><img data-caption=\"<i class='item-overlay-icon fa fa-link'><\/i>\" src=\"https:\/\/aeha-contadores.com\/wp-content\/uploads\/2017\/05\/contabilidad-aeha-contadores-02--370x260.jpg\" alt=\"Service Image\"> <\/a><a rel=\"external\" href=\"https:\/\/aeha-contadores.com\/index.php\/service\/asesoria-financiera\/\"><\/a><\/div><\/div><div class=\"service-main-detail col-md-8\"><h5 class=\"service-main-name\" style=\"\"><a href=\"https:\/\/aeha-contadores.com\/index.php\/service\/asesoria-financiera\/\">Asesor\u00eda Financiera<\/a><\/h5><div class=\"service-desc\">Nuestro enfoque en la asesor\u00eda financiera es integral. Comenzamos por entender profundamente las necesidades y objetivos espec\u00edficos de cada cliente, ya sea que est\u00e9n enfocados en el crecimiento, la eficiencia, la reducci\u00f3n de riesgos o la optimizaci\u00f3n fiscal. Esta comprensi\u00f3n nos permite ofrecer soluciones a medida que se alinean perfectamente con sus metas empresariales y personales.<\/div><\/div><\/div><div class=\"row service-list\"><div class=\"service-block-img-wrapper col-md-4\"><div class=\"service-block-img service-img-zoom\"><a rel=\"external\" href=\"https:\/\/aeha-contadores.com\/index.php\/service\/asociaciones-civiles\/ \"><img data-caption=\"<i class='item-overlay-icon fa fa-link'><\/i>\" src=\"https:\/\/aeha-contadores.com\/wp-content\/uploads\/2017\/05\/contabilidad-aeha-contadores-05--370x260.jpg\" alt=\"Service Image\"> <\/a><a rel=\"external\" href=\"https:\/\/aeha-contadores.com\/index.php\/service\/asociaciones-civiles\/\"><\/a><\/div><\/div><div class=\"service-main-detail col-md-8\"><h5 class=\"service-main-name\" style=\"\"><a href=\"https:\/\/aeha-contadores.com\/index.php\/service\/asociaciones-civiles\/\">Asociaciones Civiles<\/a><\/h5><div class=\"service-desc\">Nuestros servicios para asociaciones civiles incluyen contabilidad general, preparaci\u00f3n y revisi\u00f3n de estados financieros, asesor\u00eda fiscal espec\u00edfica para entidades sin fines de lucro, gesti\u00f3n de donaciones y subvenciones, y asesoramiento en cumplimiento normativo. Adem\u00e1s, ofrecemos asistencia en la planificaci\u00f3n financiera y estrat\u00e9gica, ayud\u00e1ndoles a maximizar la eficiencia de sus recursos y a fortalecer su sostenibilidad a largo plazo.<\/div><\/div><\/div><div class=\"row service-list\"><div class=\"service-block-img-wrapper col-md-4\"><div class=\"service-block-img service-img-zoom\"><a rel=\"external\" href=\"https:\/\/aeha-contadores.com\/index.php\/service\/contabilidad\/ \"><img data-caption=\"<i class='item-overlay-icon fa fa-link'><\/i>\" src=\"https:\/\/aeha-contadores.com\/wp-content\/uploads\/2017\/05\/contabilidad-aeha-contadores--370x260.jpg\" alt=\"Service Image\"> <\/a><a rel=\"external\" href=\"https:\/\/aeha-contadores.com\/index.php\/service\/contabilidad\/\"><\/a><\/div><\/div><div class=\"service-main-detail col-md-8\"><h5 class=\"service-main-name\" style=\"\"><a href=\"https:\/\/aeha-contadores.com\/index.php\/service\/contabilidad\/\">Contabilidad<\/a><\/h5><div class=\"service-desc\">Nuestro objetivo es ofrecer soluciones contables precisas, eficientes y personalizadas que permitan a nuestros clientes gestionar sus finanzas con confianza y claridad.<\/div><\/div><\/div><\/div> [\/vc_column][\/vc_row]<\/p>\n<\/section>","protected":false},"excerpt":{"rendered":"<p>[vc_row][vc_column][\/vc_column][\/vc_row]<\/p>\n","protected":false},"author":1,"featured_media":866,"parent":0,"menu_order":0,"comment_status":"closed","ping_status":"closed","template":"","meta":[],"_links":{"self":[{"href":"https:\/\/aeha-contadores.com\/index.php\/wp-json\/wp\/v2\/pages\/800"}],"collection":[{"href":"https:\/\/aeha-contadores.com\/index.php\/wp-json\/wp\/v2\/pages"}],"about":[{"href":"https:\/\/aeha-contadores.com\/index.php\/wp-json\/wp\/v2\/types\/page"}],"author":[{"embeddable":true,"href":"https:\/\/aeha-contadores.com\/index.php\/wp-json\/wp\/v2\/users\/1"}],"replies":[{"embeddable":true,"href":"https:\/\/aeha-contadores.com\/index.php\/wp-json\/wp\/v2\/comments?post=800"}],"version-history":[{"count":5,"href":"https:\/\/aeha-contadores.com\/index.php\/wp-json\/wp\/v2\/pages\/800\/revisions"}],"predecessor-version":[{"id":888,"href":"https:\/\/aeha-contadores.com\/index.php\/wp-json\/wp\/v2\/pages\/800\/revisions\/888"}],"wp:featuredmedia":[{"embeddable":true,"href":"https:\/\/aeha-contadores.com\/index.php\/wp-json\/wp\/v2\/media\/866"}],"wp:attachment":[{"href":"https:\/\/aeha-contadores.com\/index.php\/wp-json\/wp\/v2\/media?parent=800"}],"curies":[{"name":"wp","href":"https:\/\/api.w.org\/{rel}","templated":true}]}}