{"id":859,"date":"2023-01-20T23:41:44","date_gmt":"2023-01-20T23:41:44","guid":{"rendered":"https:\/\/aeha-contadores.com\/?page_id=859"},"modified":"2023-01-20T23:42:39","modified_gmt":"2023-01-20T23:42:39","slug":"rocio-de-leon-macias","status":"publish","type":"page","link":"https:\/\/aeha-contadores.com\/index.php\/rocio-de-leon-macias\/","title":{"rendered":"Roc\u00edo de Le\u00f3n Mac\u00edas"},"content":{"rendered":"<section class=\"wpb-content-wrapper\"><p>[vc_row][vc_column width=&#8221;1\/2&#8243;][vc_single_image image=&#8221;849&#8243; img_size=&#8221;full&#8221;][\/vc_column][vc_column width=&#8221;1\/2&#8243;]<div class=\"stronghold-team-member-details-wrapper\" style=\"\"><div class=\"team-member-main-details\"><div class=\"team-member-name-wrapper\"><h3 class=\"team-member-name\">Roc\u00edo de Le\u00f3n Mac\u00edas <\/h3><\/div><div class=\"team-member-position-wrapper\"><span class=\"team-member-position\">Contador P\u00fablico<\/span><\/div><\/div><div class=\"row team-member-info\"><div class=\"col-md-6\"><div class=\"team-member-contact-details\"><div class=\"team-member-num\"><i class=\"fa fa-phone\"><\/i> <a href=\"tel:624 159 9413\">624 159 9413<\/a><\/div><div class=\"team-member-email\"><i class=\"fa fa-envelope\"><\/i> <a href=\"mailto:rocio.deleon@aeha-contadores.com\">rocio.deleon@aeha-contadores.com<\/a><\/div><\/div><\/div><div class=\"col-md-6 team-member-block-social\"><h6 class=\"social-list-title\">Follow Me<\/h6><ul class=\"team-member-block-social-list social-icons-list\"><\/ul><\/div><\/div><\/div>[\/vc_column][\/vc_row][vc_row css=&#8221;.vc_custom_1628080012726{margin-top: 45px !important;margin-bottom: 50px !important;}&#8221;][vc_column]<div class=\"stronghold-heading\"><h3 style=\"\">Contador P\u00fablico<\/h3><span style=\"background:#0aa4e3;\" class=\"heading-separator\"><\/span><\/div>[vc_empty_space height=&#8221;20px&#8221;][vc_row_inner][vc_column_inner width=&#8221;1\/2&#8243;][vc_column_text]Sed ut perspiciatis unde omnis iste natus error sit voluptatem accusantium doloremque laudantium, totam rem aperiam, eaque ipsa quae ab illo inventore veritatis et quasi architecto beatae vitae dicta sunt explicabo. Nemo enim ipsam voluptatem quia voluptas sit aspernatur aut odit aut fugit, sed quia consequuntur magni dolores eos qui ratione voluptatem sequi nesciunt.[\/vc_column_text][\/vc_column_inner][vc_column_inner width=&#8221;1\/2&#8243;][vc_column_text]Neque porro quisquam est, qui dolorem ipsum quia dolor sit amet, consectetur, adipisci velit, sed quia non numquam eius modi tempora incidunt ut labore et dolore magnam aliquam quaerat voluptatem. Etiam ultricies nisi vel augue. Curabitur ullamcorper ultricies nisi. Nam eget dui. Etiam rhoncus.[\/vc_column_text][\/vc_column_inner][\/vc_row_inner][\/vc_column][\/vc_row][vc_row full_width=&#8221;stretch_row&#8221; css=&#8221;.vc_custom_1628080075608{margin-top: 40px !important;margin-bottom: 50px !important;padding-top: 50px !important;padding-bottom: 80px !important;background-color: #fafafa !important;}&#8221;][vc_column width=&#8221;1\/2&#8243;]<div class=\"stronghold-heading\"><h3 style=\"\">Educaci\u00f3n<\/h3><span style=\"background:#0aa4e3;\" class=\"heading-separator\"><\/span><\/div>[vc_empty_space height=&#8221;20px&#8221;]<div class=\"stronghold-info-list-wrapper\" style=\"\"><div class=\"stronghold-info-list-item\"><div class=\"stronghold-info-list-icon\"><i class=\"icon ion-arrow-right-b\" style=\"font-size:15px; color:#0aa4e3;\"><\/i><\/div><div class=\"stronghold-info-list-content\"><div class=\"stronghold-info-list-title\"><h4 style=\"\"><\/h4><\/div><div class=\"stronghold-info-list-desc\"><div style=\"\">Nullam dictum felis eu pede mollis pretium. Integer tincidunt. <\/div><\/div><\/div><\/div><div class=\"stronghold-info-list-item\"><div class=\"stronghold-info-list-icon\"><i class=\"icon ion-arrow-right-b\" style=\"font-size:15px; color:#0aa4e3;\"><\/i><\/div><div class=\"stronghold-info-list-content\"><div class=\"stronghold-info-list-title\"><h4 style=\"\"><\/h4><\/div><div class=\"stronghold-info-list-desc\"><div style=\"\">Maecenas tempus tellus eget condimentum rhoncus sem quam semper libero In ac felis quis tortor malesuada pretium. <\/div><\/div><\/div><\/div><div class=\"stronghold-info-list-item\"><div class=\"stronghold-info-list-icon\"><i class=\"icon ion-arrow-right-b\" style=\"font-size:15px; color:#0aa4e3;\"><\/i><\/div><div class=\"stronghold-info-list-content\"><div class=\"stronghold-info-list-title\"><h4 style=\"\"><\/h4><\/div><div class=\"stronghold-info-list-desc\"><div style=\"\">Nam quam nunc blandit vel luctus pulvinar hendrerit id lorem ut non enim eleifend felis pretium feugiat. <\/div><\/div><\/div><\/div><div class=\"stronghold-info-list-item\"><div class=\"stronghold-info-list-icon\"><i class=\"icon ion-arrow-right-b\" style=\"font-size:15px; color:#0aa4e3;\"><\/i><\/div><div class=\"stronghold-info-list-content\"><div class=\"stronghold-info-list-title\"><h4 style=\"\"><\/h4><\/div><div class=\"stronghold-info-list-desc\"><div style=\"\">Donec sodales sagittis magna. Sed consequat leo eget eleifend sapien Etiam ut purus mattis mauris sodales aliquam. <\/div><\/div><\/div><\/div><div class=\"stronghold-info-list-item\"><div class=\"stronghold-info-list-icon\"><i class=\"icon ion-arrow-right-b\" style=\"font-size:15px; color:#0aa4e3;\"><\/i><\/div><div class=\"stronghold-info-list-content\"><div class=\"stronghold-info-list-title\"><h4 style=\"\"><\/h4><\/div><div class=\"stronghold-info-list-desc\"><div style=\"\">Duis arcu tortor, suscipit eget, imperdiet nec, imperdiet iaculis, ipsum vitae euismod ligula urna in dolor. <\/div><\/div><\/div><\/div><\/div>[\/vc_column][vc_column width=&#8221;1\/2&#8243;]<div class=\"stronghold-heading\"><h3 style=\"\">Experiencia<\/h3><span style=\"background:#0aa4e3;\" class=\"heading-separator\"><\/span><\/div>[vc_empty_space height=&#8221;20px&#8221;]<div class=\"stronghold-info-list-wrapper\" style=\"\"><div class=\"stronghold-info-list-item\"><div class=\"stronghold-info-list-icon\"><i class=\"icon ion-arrow-right-b\" style=\"font-size:15px; color:#0aa4e3;\"><\/i><\/div><div class=\"stronghold-info-list-content\"><div class=\"stronghold-info-list-title\"><h4 style=\"\"><\/h4><\/div><div class=\"stronghold-info-list-desc\"><div style=\"\">Sed ut perspiciatis unde omnis iste natus error sit voluptatem accusantium doloremque <\/div><\/div><\/div><\/div><div class=\"stronghold-info-list-item\"><div class=\"stronghold-info-list-icon\"><i class=\"icon ion-arrow-right-b\" style=\"font-size:15px; color:#0aa4e3;\"><\/i><\/div><div class=\"stronghold-info-list-content\"><div class=\"stronghold-info-list-title\"><h4 style=\"\"><\/h4><\/div><div class=\"stronghold-info-list-desc\"><div style=\"\">Nemo enim ipsam voluptatem quia voluptas sit aspernatur aut odit aut fugit sed quia consequuntur. <\/div><\/div><\/div><\/div><div class=\"stronghold-info-list-item\"><div class=\"stronghold-info-list-icon\"><i class=\"icon ion-arrow-right-b\" style=\"font-size:15px; color:#0aa4e3;\"><\/i><\/div><div class=\"stronghold-info-list-content\"><div class=\"stronghold-info-list-title\"><h4 style=\"\"><\/h4><\/div><div class=\"stronghold-info-list-desc\"><div style=\"\">At vero eos et accusamus et iusto odio dignissimos ducimus qui blanditiis praesentium voluptatum. <\/div><\/div><\/div><\/div><div class=\"stronghold-info-list-item\"><div class=\"stronghold-info-list-icon\"><i class=\"icon ion-arrow-right-b\" style=\"font-size:15px; color:#0aa4e3;\"><\/i><\/div><div class=\"stronghold-info-list-content\"><div class=\"stronghold-info-list-title\"><h4 style=\"\"><\/h4><\/div><div class=\"stronghold-info-list-desc\"><div style=\"\">Phasellus consectetuer vestibulum elit. Aenean tellus metus, bibendum sed, posuere ac, mattis non, nunc. <\/div><\/div><\/div><\/div><div class=\"stronghold-info-list-item\"><div class=\"stronghold-info-list-icon\"><i class=\"icon ion-arrow-right-b\" style=\"font-size:15px; color:#0aa4e3;\"><\/i><\/div><div class=\"stronghold-info-list-content\"><div class=\"stronghold-info-list-title\"><h4 style=\"\"><\/h4><\/div><div class=\"stronghold-info-list-desc\"><div style=\"\">Suspendisse pulvinar, augue ac venenatis condimentum, sem libero volutpat nibh, nec pellentesque velit. <\/div><\/div><\/div><\/div><\/div>[\/vc_column][\/vc_row][vc_row][vc_column][vc_row_inner][vc_column_inner]<div class=\"stronghold-heading\"><h3 style=\" text-align: center;\">Cont\u00e1ctame<\/h3><span style=\" margin: 0 auto;background:#0aa4e3;\" class=\"heading-separator\"><\/span><\/div>[vc_empty_space height=&#8221;30px&#8221;][vc_column_text css=&#8221;.vc_custom_1628080566526{padding-right: 50px !important;padding-left: 50px !important;}&#8221;]Lorem ipsum dolor sit amet, consectetuer adipiscing elit. Aenean commodo ligula eget dolor. Aenean massa. Cum sociis natoque penatibus et magnis dis parturient montes, nascetur ridiculus mus.[\/vc_column_text][\/vc_column_inner][\/vc_row_inner][vc_empty_space height=&#8221;10px&#8221;][vc_row_inner][vc_column_inner]<div class=\"wpcf7 no-js\" id=\"wpcf7-f60-o1\" lang=\"en-US\" dir=\"ltr\">\n<div class=\"screen-reader-response\"><p role=\"status\" aria-live=\"polite\" aria-atomic=\"true\"><\/p> <ul><\/ul><\/div>\n<form action=\"\/index.php\/wp-json\/wp\/v2\/pages\/859#wpcf7-f60-o1\" method=\"post\" class=\"wpcf7-form init\" aria-label=\"Contact form\" novalidate=\"novalidate\" data-status=\"init\">\n<div style=\"display: none;\">\n<input type=\"hidden\" name=\"_wpcf7\" value=\"60\" \/>\n<input type=\"hidden\" name=\"_wpcf7_version\" value=\"5.7.2\" \/>\n<input type=\"hidden\" name=\"_wpcf7_locale\" value=\"en_US\" \/>\n<input type=\"hidden\" name=\"_wpcf7_unit_tag\" value=\"wpcf7-f60-o1\" \/>\n<input type=\"hidden\" name=\"_wpcf7_container_post\" value=\"0\" \/>\n<input type=\"hidden\" name=\"_wpcf7_posted_data_hash\" value=\"\" \/>\n<\/div>\n<div class=\"row\">\n\t<div class=\"col-md-6\">\n\t\t<div class=\"input-group\">\n\t\t\t<p><span class=\"wpcf7-form-control-wrap\" data-name=\"text-704\"><input size=\"40\" class=\"wpcf7-form-control wpcf7-text wpcf7-validates-as-required\" aria-required=\"true\" aria-invalid=\"false\" placeholder=\"Name*\" value=\"\" type=\"text\" name=\"text-704\" \/><\/span><br \/>\n<span><i class=\"input-icon fa fa-user-o\"><\/i><\/span>\n\t\t\t<\/p>\n\t\t<\/div>\n\t\t<div class=\"input-group\">\n\t\t\t<p><span class=\"wpcf7-form-control-wrap\" data-name=\"email-230\"><input size=\"40\" class=\"wpcf7-form-control wpcf7-text wpcf7-email wpcf7-validates-as-required wpcf7-validates-as-email\" aria-required=\"true\" aria-invalid=\"false\" placeholder=\"Email*\" value=\"\" type=\"email\" name=\"email-230\" \/><\/span><br \/>\n<span><i class=\"input-icon fa fa-envelope-o\"><\/i><\/span>\n\t\t\t<\/p>\n\t\t<\/div>\n\t\t<div class=\"input-group\">\n\t\t\t<p><span class=\"wpcf7-form-control-wrap\" data-name=\"text-141\"><input size=\"40\" class=\"wpcf7-form-control wpcf7-text wpcf7-validates-as-required\" aria-required=\"true\" aria-invalid=\"false\" placeholder=\"Phone Number*\" value=\"\" type=\"text\" name=\"text-141\" \/><\/span><br \/>\n<span><i class=\"input-icon fa fa-phone\"><\/i><\/span>\n\t\t\t<\/p>\n\t\t<\/div>\n\t<\/div>\n\t<div class=\"col-md-6\">\n\t\t<p><span class=\"wpcf7-form-control-wrap\" data-name=\"textarea-248\"><textarea cols=\"40\" rows=\"10\" class=\"wpcf7-form-control wpcf7-textarea wpcf7-validates-as-required\" aria-required=\"true\" aria-invalid=\"false\" placeholder=\"Message\" name=\"textarea-248\"><\/textarea><\/span>\n\t\t<\/p>\n\t<\/div>\n<\/div>\n<p><input class=\"wpcf7-form-control has-spinner wpcf7-submit\" type=\"submit\" value=\"Send\" \/>\n<\/p><div class=\"wpcf7-response-output\" aria-hidden=\"true\"><\/div><\/form><\/div>[\/vc_column_inner][\/vc_row_inner][\/vc_column][\/vc_row]<\/p>\n<\/section>","protected":false},"excerpt":{"rendered":"<p>[vc_row][vc_column width=&#8221;1\/2&#8243;][vc_single_image image=&#8221;849&#8243; img_size=&#8221;full&#8221;][\/vc_column][vc_column width=&#8221;1\/2&#8243;][\/vc_column][\/vc_row][vc_row css=&#8221;.vc_custom_1628080012726{margin-top: 45px !important;margin-bottom: 50px !important;}&#8221;][vc_column][vc_empty_space height=&#8221;20px&#8221;][vc_row_inner][vc_column_inner width=&#8221;1\/2&#8243;][vc_column_text]Sed ut perspiciatis unde omnis iste natus error sit voluptatem accusantium doloremque laudantium, totam rem aperiam, eaque ipsa quae ab illo inventore veritatis et quasi architecto beatae vitae dicta sunt explicabo. Nemo enim ipsam voluptatem quia voluptas sit aspernatur aut odit aut fugit, sed [&hellip;]<\/p>\n","protected":false},"author":1,"featured_media":849,"parent":0,"menu_order":0,"comment_status":"closed","ping_status":"closed","template":"","meta":[],"_links":{"self":[{"href":"https:\/\/aeha-contadores.com\/index.php\/wp-json\/wp\/v2\/pages\/859"}],"collection":[{"href":"https:\/\/aeha-contadores.com\/index.php\/wp-json\/wp\/v2\/pages"}],"about":[{"href":"https:\/\/aeha-contadores.com\/index.php\/wp-json\/wp\/v2\/types\/page"}],"author":[{"embeddable":true,"href":"https:\/\/aeha-contadores.com\/index.php\/wp-json\/wp\/v2\/users\/1"}],"replies":[{"embeddable":true,"href":"https:\/\/aeha-contadores.com\/index.php\/wp-json\/wp\/v2\/comments?post=859"}],"version-history":[{"count":3,"href":"https:\/\/aeha-contadores.com\/index.php\/wp-json\/wp\/v2\/pages\/859\/revisions"}],"predecessor-version":[{"id":861,"href":"https:\/\/aeha-contadores.com\/index.php\/wp-json\/wp\/v2\/pages\/859\/revisions\/861"}],"wp:featuredmedia":[{"embeddable":true,"href":"https:\/\/aeha-contadores.com\/index.php\/wp-json\/wp\/v2\/media\/849"}],"wp:attachment":[{"href":"https:\/\/aeha-contadores.com\/index.php\/wp-json\/wp\/v2\/media?parent=859"}],"curies":[{"name":"wp","href":"https:\/\/api.w.org\/{rel}","templated":true}]}}